{"id":13984,"date":"2024-10-30T09:18:44","date_gmt":"2024-10-30T08:18:44","guid":{"rendered":"https:\/\/demo.phpjabbers.com\/service-templates\/beauty-salon\/?post_type=product&#038;p=13984"},"modified":"2024-10-30T09:18:44","modified_gmt":"2024-10-30T08:18:44","slug":"house-of-dohwa-pumpkin-wash-off-mask-100ml","status":"publish","type":"product","link":"https:\/\/demo.phpjabbers.com\/service-templates\/beauty-salon\/produkt\/house-of-dohwa-pumpkin-wash-off-mask-100ml\/","title":{"rendered":"House of Dohwa &#8211; Pumpkin Wash Off Mask 100ml"},"content":{"rendered":"<p>Pumpkin Wash Off Mask er en\u00a0n\u00e6ringsrik gresskarmaske, skapt for \u00e5 gi deg en levende og str\u00e5lende hud. Koreansk gresskar er kjent for sin n\u00e6ringstetthet, og denne masken gir huden din en overflod av n\u00f8dvendige n\u00e6ringsstoffer. Med en silkemyk, gel-lignende konsistens, vil den f\u00f8les forfriskende kj\u00f8lende p\u00e5 huden.<\/p>\n<p>Fordeler:<\/p>\n<ul>\n<li>En livlig og gl\u00f8dende hud.<\/li>\n<li>Forebygging av fine linjer og rynker.<\/li>\n<li>Reduksjon av ansiktshovnehet.<\/li>\n<li>Uansett din hudtype, inkludert sensitiv hud, vil denne masken v\u00e6re din ultimate f\u00f8lgesvenn for \u00e5 oppn\u00e5 en vakker hud.<\/li>\n<\/ul>\n<p>Masken er formulert med riskli-ekstrakt og gresskar, to tradisjonelle ingredienser i koreansk hudpleie som har blitt brukt i \u00e5rhundrer for \u00e5 tilf\u00f8re n\u00e6ring og fremme hudens naturlige gl\u00f8d.<\/p>\n<p>House of Dohwa er stolt av \u00e5 tilby 100% veganske produkter, produsert etter gamle, tradisjonelle metoder. Deres ingredienser er av ren naturlig opprinnelse og er EWG-sertifiserte, som sikrer en milj\u00f8vennlig produksjon.<\/p>\n<p>House of Dohwa er stolte av at alle produktene deres er 100% veganske og produsert etter gamle, tradisjonelle metoder. Deres ingredienser er av ren naturlig opprinnelse og er EWG-sertifiserte, noe som garanterer en milj\u00f8vennlig produksjon. Med maskens b\u00e6rekraftige emballasje tar de ogs\u00e5 vare p\u00e5 planeten mens de forvandler din skj\u00f8nnhetsrutine til en opplevelse av skj\u00f8nnhet og velv\u00e6re. Oppdag den magiske verden av gresskarmasken, og forvandle din hud til en levende skj\u00f8nnhet.<\/p>\n","protected":false},"excerpt":{"rendered":"<p>Pumpkin Wash Off Mask er en\u00a0n\u00e6ringsrik gresskarmaske, skapt for \u00e5 gi deg en levende og str\u00e5lende hud. Koreansk gresskar er kjent for sin n\u00e6ringstetthet, og denne masken gir huden din [&hellip;]<\/p>\n","protected":false},"featured_media":13985,"template":"","meta":{"_acf_changed":false},"product_brand":[],"product_cat":[15],"product_tag":[],"class_list":{"0":"post-13984","1":"product","2":"type-product","3":"status-publish","4":"has-post-thumbnail","6":"product_cat-care-style","8":"first","9":"instock","10":"shipping-taxable","11":"purchasable","12":"product-type-simple","13":"add-to-wishlist-after_add_to_cart"},"acf":[],"yoast_head":"<!-- This site is optimized with the Yoast SEO plugin v25.6 - https:\/\/yoast.com\/wordpress\/plugins\/seo\/ -->\n<title>House of Dohwa - Pumpkin Wash Off Mask 100ml - Beauty Salon<\/title>\n<meta name=\"robots\" content=\"index, follow, max-snippet:-1, max-image-preview:large, max-video-preview:-1\" \/>\n<link rel=\"canonical\" href=\"https:\/\/demo.phpjabbers.com\/service-templates\/beauty-salon\/produkt\/house-of-dohwa-pumpkin-wash-off-mask-100ml\/\" \/>\n<meta property=\"og:locale\" content=\"en_US\" \/>\n<meta property=\"og:type\" content=\"article\" \/>\n<meta property=\"og:title\" content=\"House of Dohwa - Pumpkin Wash Off Mask 100ml - Beauty Salon\" \/>\n<meta property=\"og:description\" content=\"Pumpkin Wash Off Mask er en\u00a0n\u00e6ringsrik gresskarmaske, skapt for \u00e5 gi deg en levende og str\u00e5lende hud. Koreansk gresskar er kjent for sin n\u00e6ringstetthet, og denne masken gir huden din [&hellip;]\" \/>\n<meta property=\"og:url\" content=\"https:\/\/demo.phpjabbers.com\/service-templates\/beauty-salon\/produkt\/house-of-dohwa-pumpkin-wash-off-mask-100ml\/\" \/>\n<meta property=\"og:site_name\" content=\"Beauty Salon\" \/>\n<meta property=\"og:image\" content=\"https:\/\/demo.phpjabbers.com\/service-templates\/beauty-salon\/wp-content\/uploads\/2024\/10\/PUMPKIN-WASH-OFF-MASK-100-ML-8809684820179-3.jpg\" \/>\n\t<meta property=\"og:image:width\" content=\"1939\" \/>\n\t<meta property=\"og:image:height\" content=\"2126\" \/>\n\t<meta property=\"og:image:type\" content=\"image\/jpeg\" \/>\n<meta name=\"twitter:card\" content=\"summary_large_image\" \/>\n<meta name=\"twitter:label1\" content=\"Est. reading time\" \/>\n\t<meta name=\"twitter:data1\" content=\"2 minutes\" \/>\n<script type=\"application\/ld+json\" class=\"yoast-schema-graph\">{\"@context\":\"https:\/\/schema.org\",\"@graph\":[{\"@type\":\"WebPage\",\"@id\":\"https:\/\/demo.phpjabbers.com\/service-templates\/beauty-salon\/produkt\/house-of-dohwa-pumpkin-wash-off-mask-100ml\/\",\"url\":\"https:\/\/demo.phpjabbers.com\/service-templates\/beauty-salon\/produkt\/house-of-dohwa-pumpkin-wash-off-mask-100ml\/\",\"name\":\"House of Dohwa - Pumpkin Wash Off Mask 100ml - Beauty Salon\",\"isPartOf\":{\"@id\":\"https:\/\/demo.phpjabbers.com\/service-templates\/beauty-salon\/#website\"},\"primaryImageOfPage\":{\"@id\":\"https:\/\/demo.phpjabbers.com\/service-templates\/beauty-salon\/produkt\/house-of-dohwa-pumpkin-wash-off-mask-100ml\/#primaryimage\"},\"image\":{\"@id\":\"https:\/\/demo.phpjabbers.com\/service-templates\/beauty-salon\/produkt\/house-of-dohwa-pumpkin-wash-off-mask-100ml\/#primaryimage\"},\"thumbnailUrl\":\"https:\/\/demo.phpjabbers.com\/service-templates\/beauty-salon\/wp-content\/uploads\/2024\/10\/PUMPKIN-WASH-OFF-MASK-100-ML-8809684820179-3.jpg\",\"datePublished\":\"2024-10-30T08:18:44+00:00\",\"breadcrumb\":{\"@id\":\"https:\/\/demo.phpjabbers.com\/service-templates\/beauty-salon\/produkt\/house-of-dohwa-pumpkin-wash-off-mask-100ml\/#breadcrumb\"},\"inLanguage\":\"en-US\",\"potentialAction\":[{\"@type\":\"ReadAction\",\"target\":[\"https:\/\/demo.phpjabbers.com\/service-templates\/beauty-salon\/produkt\/house-of-dohwa-pumpkin-wash-off-mask-100ml\/\"]}]},{\"@type\":\"ImageObject\",\"inLanguage\":\"en-US\",\"@id\":\"https:\/\/demo.phpjabbers.com\/service-templates\/beauty-salon\/produkt\/house-of-dohwa-pumpkin-wash-off-mask-100ml\/#primaryimage\",\"url\":\"https:\/\/demo.phpjabbers.com\/service-templates\/beauty-salon\/wp-content\/uploads\/2024\/10\/PUMPKIN-WASH-OFF-MASK-100-ML-8809684820179-3.jpg\",\"contentUrl\":\"https:\/\/demo.phpjabbers.com\/service-templates\/beauty-salon\/wp-content\/uploads\/2024\/10\/PUMPKIN-WASH-OFF-MASK-100-ML-8809684820179-3.jpg\",\"width\":1939,\"height\":2126,\"caption\":\"Produktbilde: House of Dohwa pumpkin wash off\"},{\"@type\":\"BreadcrumbList\",\"@id\":\"https:\/\/demo.phpjabbers.com\/service-templates\/beauty-salon\/produkt\/house-of-dohwa-pumpkin-wash-off-mask-100ml\/#breadcrumb\",\"itemListElement\":[{\"@type\":\"ListItem\",\"position\":1,\"name\":\"Hjem\",\"item\":\"https:\/\/demo.phpjabbers.com\/service-templates\/beauty-salon\/\"},{\"@type\":\"ListItem\",\"position\":2,\"name\":\"Shop\",\"item\":\"https:\/\/demo.phpjabbers.com\/service-templates\/beauty-salon\/shop\/\"},{\"@type\":\"ListItem\",\"position\":3,\"name\":\"House of Dohwa &#8211; Pumpkin Wash Off Mask 100ml\"}]},{\"@type\":\"WebSite\",\"@id\":\"https:\/\/demo.phpjabbers.com\/service-templates\/beauty-salon\/#website\",\"url\":\"https:\/\/demo.phpjabbers.com\/service-templates\/beauty-salon\/\",\"name\":\"Bliss Beauty\",\"description\":\"\",\"publisher\":{\"@id\":\"https:\/\/demo.phpjabbers.com\/service-templates\/beauty-salon\/#organization\"},\"potentialAction\":[{\"@type\":\"SearchAction\",\"target\":{\"@type\":\"EntryPoint\",\"urlTemplate\":\"https:\/\/demo.phpjabbers.com\/service-templates\/beauty-salon\/?s={search_term_string}\"},\"query-input\":{\"@type\":\"PropertyValueSpecification\",\"valueRequired\":true,\"valueName\":\"search_term_string\"}}],\"inLanguage\":\"en-US\"},{\"@type\":\"Organization\",\"@id\":\"https:\/\/demo.phpjabbers.com\/service-templates\/beauty-salon\/#organization\",\"name\":\"Bliss Beauty\",\"url\":\"https:\/\/demo.phpjabbers.com\/service-templates\/beauty-salon\/\",\"logo\":{\"@type\":\"ImageObject\",\"inLanguage\":\"en-US\",\"@id\":\"https:\/\/demo.phpjabbers.com\/service-templates\/beauty-salon\/#\/schema\/logo\/image\/\",\"url\":\"https:\/\/demo.phpjabbers.com\/service-templates\/beauty-salon\/wp-content\/uploads\/2024\/06\/bliss-logo.png\",\"contentUrl\":\"https:\/\/demo.phpjabbers.com\/service-templates\/beauty-salon\/wp-content\/uploads\/2024\/06\/bliss-logo.png\",\"width\":788,\"height\":291,\"caption\":\"Bliss Beauty\"},\"image\":{\"@id\":\"https:\/\/demo.phpjabbers.com\/service-templates\/beauty-salon\/#\/schema\/logo\/image\/\"}}]}<\/script>\n<!-- \/ Yoast SEO plugin. -->","yoast_head_json":{"title":"House of Dohwa - Pumpkin Wash Off Mask 100ml - Beauty Salon","robots":{"index":"index","follow":"follow","max-snippet":"max-snippet:-1","max-image-preview":"max-image-preview:large","max-video-preview":"max-video-preview:-1"},"canonical":"https:\/\/demo.phpjabbers.com\/service-templates\/beauty-salon\/produkt\/house-of-dohwa-pumpkin-wash-off-mask-100ml\/","og_locale":"en_US","og_type":"article","og_title":"House of Dohwa - Pumpkin Wash Off Mask 100ml - Beauty Salon","og_description":"Pumpkin Wash Off Mask er en\u00a0n\u00e6ringsrik gresskarmaske, skapt for \u00e5 gi deg en levende og str\u00e5lende hud. Koreansk gresskar er kjent for sin n\u00e6ringstetthet, og denne masken gir huden din [&hellip;]","og_url":"https:\/\/demo.phpjabbers.com\/service-templates\/beauty-salon\/produkt\/house-of-dohwa-pumpkin-wash-off-mask-100ml\/","og_site_name":"Beauty Salon","og_image":[{"width":1939,"height":2126,"url":"https:\/\/demo.phpjabbers.com\/service-templates\/beauty-salon\/wp-content\/uploads\/2024\/10\/PUMPKIN-WASH-OFF-MASK-100-ML-8809684820179-3.jpg","type":"image\/jpeg"}],"twitter_card":"summary_large_image","twitter_misc":{"Est. reading time":"2 minutes"},"schema":{"@context":"https:\/\/schema.org","@graph":[{"@type":"WebPage","@id":"https:\/\/demo.phpjabbers.com\/service-templates\/beauty-salon\/produkt\/house-of-dohwa-pumpkin-wash-off-mask-100ml\/","url":"https:\/\/demo.phpjabbers.com\/service-templates\/beauty-salon\/produkt\/house-of-dohwa-pumpkin-wash-off-mask-100ml\/","name":"House of Dohwa - Pumpkin Wash Off Mask 100ml - Beauty Salon","isPartOf":{"@id":"https:\/\/demo.phpjabbers.com\/service-templates\/beauty-salon\/#website"},"primaryImageOfPage":{"@id":"https:\/\/demo.phpjabbers.com\/service-templates\/beauty-salon\/produkt\/house-of-dohwa-pumpkin-wash-off-mask-100ml\/#primaryimage"},"image":{"@id":"https:\/\/demo.phpjabbers.com\/service-templates\/beauty-salon\/produkt\/house-of-dohwa-pumpkin-wash-off-mask-100ml\/#primaryimage"},"thumbnailUrl":"https:\/\/demo.phpjabbers.com\/service-templates\/beauty-salon\/wp-content\/uploads\/2024\/10\/PUMPKIN-WASH-OFF-MASK-100-ML-8809684820179-3.jpg","datePublished":"2024-10-30T08:18:44+00:00","breadcrumb":{"@id":"https:\/\/demo.phpjabbers.com\/service-templates\/beauty-salon\/produkt\/house-of-dohwa-pumpkin-wash-off-mask-100ml\/#breadcrumb"},"inLanguage":"en-US","potentialAction":[{"@type":"ReadAction","target":["https:\/\/demo.phpjabbers.com\/service-templates\/beauty-salon\/produkt\/house-of-dohwa-pumpkin-wash-off-mask-100ml\/"]}]},{"@type":"ImageObject","inLanguage":"en-US","@id":"https:\/\/demo.phpjabbers.com\/service-templates\/beauty-salon\/produkt\/house-of-dohwa-pumpkin-wash-off-mask-100ml\/#primaryimage","url":"https:\/\/demo.phpjabbers.com\/service-templates\/beauty-salon\/wp-content\/uploads\/2024\/10\/PUMPKIN-WASH-OFF-MASK-100-ML-8809684820179-3.jpg","contentUrl":"https:\/\/demo.phpjabbers.com\/service-templates\/beauty-salon\/wp-content\/uploads\/2024\/10\/PUMPKIN-WASH-OFF-MASK-100-ML-8809684820179-3.jpg","width":1939,"height":2126,"caption":"Produktbilde: House of Dohwa pumpkin wash off"},{"@type":"BreadcrumbList","@id":"https:\/\/demo.phpjabbers.com\/service-templates\/beauty-salon\/produkt\/house-of-dohwa-pumpkin-wash-off-mask-100ml\/#breadcrumb","itemListElement":[{"@type":"ListItem","position":1,"name":"Hjem","item":"https:\/\/demo.phpjabbers.com\/service-templates\/beauty-salon\/"},{"@type":"ListItem","position":2,"name":"Shop","item":"https:\/\/demo.phpjabbers.com\/service-templates\/beauty-salon\/shop\/"},{"@type":"ListItem","position":3,"name":"House of Dohwa &#8211; Pumpkin Wash Off Mask 100ml"}]},{"@type":"WebSite","@id":"https:\/\/demo.phpjabbers.com\/service-templates\/beauty-salon\/#website","url":"https:\/\/demo.phpjabbers.com\/service-templates\/beauty-salon\/","name":"Bliss Beauty","description":"","publisher":{"@id":"https:\/\/demo.phpjabbers.com\/service-templates\/beauty-salon\/#organization"},"potentialAction":[{"@type":"SearchAction","target":{"@type":"EntryPoint","urlTemplate":"https:\/\/demo.phpjabbers.com\/service-templates\/beauty-salon\/?s={search_term_string}"},"query-input":{"@type":"PropertyValueSpecification","valueRequired":true,"valueName":"search_term_string"}}],"inLanguage":"en-US"},{"@type":"Organization","@id":"https:\/\/demo.phpjabbers.com\/service-templates\/beauty-salon\/#organization","name":"Bliss Beauty","url":"https:\/\/demo.phpjabbers.com\/service-templates\/beauty-salon\/","logo":{"@type":"ImageObject","inLanguage":"en-US","@id":"https:\/\/demo.phpjabbers.com\/service-templates\/beauty-salon\/#\/schema\/logo\/image\/","url":"https:\/\/demo.phpjabbers.com\/service-templates\/beauty-salon\/wp-content\/uploads\/2024\/06\/bliss-logo.png","contentUrl":"https:\/\/demo.phpjabbers.com\/service-templates\/beauty-salon\/wp-content\/uploads\/2024\/06\/bliss-logo.png","width":788,"height":291,"caption":"Bliss Beauty"},"image":{"@id":"https:\/\/demo.phpjabbers.com\/service-templates\/beauty-salon\/#\/schema\/logo\/image\/"}}]}},"_links":{"self":[{"href":"https:\/\/demo.phpjabbers.com\/service-templates\/beauty-salon\/wp-json\/wp\/v2\/product\/13984","targetHints":{"allow":["GET"]}}],"collection":[{"href":"https:\/\/demo.phpjabbers.com\/service-templates\/beauty-salon\/wp-json\/wp\/v2\/product"}],"about":[{"href":"https:\/\/demo.phpjabbers.com\/service-templates\/beauty-salon\/wp-json\/wp\/v2\/types\/product"}],"version-history":[{"count":1,"href":"https:\/\/demo.phpjabbers.com\/service-templates\/beauty-salon\/wp-json\/wp\/v2\/product\/13984\/revisions"}],"predecessor-version":[{"id":13988,"href":"https:\/\/demo.phpjabbers.com\/service-templates\/beauty-salon\/wp-json\/wp\/v2\/product\/13984\/revisions\/13988"}],"wp:featuredmedia":[{"embeddable":true,"href":"https:\/\/demo.phpjabbers.com\/service-templates\/beauty-salon\/wp-json\/wp\/v2\/media\/13985"}],"wp:attachment":[{"href":"https:\/\/demo.phpjabbers.com\/service-templates\/beauty-salon\/wp-json\/wp\/v2\/media?parent=13984"}],"wp:term":[{"taxonomy":"product_brand","embeddable":true,"href":"https:\/\/demo.phpjabbers.com\/service-templates\/beauty-salon\/wp-json\/wp\/v2\/product_brand?post=13984"},{"taxonomy":"product_cat","embeddable":true,"href":"https:\/\/demo.phpjabbers.com\/service-templates\/beauty-salon\/wp-json\/wp\/v2\/product_cat?post=13984"},{"taxonomy":"product_tag","embeddable":true,"href":"https:\/\/demo.phpjabbers.com\/service-templates\/beauty-salon\/wp-json\/wp\/v2\/product_tag?post=13984"}],"curies":[{"name":"wp","href":"https:\/\/api.w.org\/{rel}","templated":true}]}}