{"id":13973,"date":"2024-10-30T08:34:45","date_gmt":"2024-10-30T07:34:45","guid":{"rendered":"https:\/\/demo.phpjabbers.com\/service-templates\/beauty-salon\/?post_type=product&#038;p=13973"},"modified":"2024-10-30T08:34:45","modified_gmt":"2024-10-30T07:34:45","slug":"house-of-dohwa-peach-blossom-overnight-facial-50ml","status":"publish","type":"product","link":"https:\/\/demo.phpjabbers.com\/service-templates\/beauty-salon\/produkt\/house-of-dohwa-peach-blossom-overnight-facial-50ml\/","title":{"rendered":"House of Dohwa &#8211; Peach Blossom Overnight Facial 50ml"},"content":{"rendered":"<p>Peach Blossom Overnight Facial er en nattmaske &#8211; en nattlig skj\u00f8nnhetseliksir som raskt absorberes i huden og beriker den med en overflod av fuktighet og n\u00e6ringsstoffer. Den er beriket med keramider, ferskenblomstekstrakt og hyaluronsyre, som arbeider i harmoni for \u00e5 gjenoppbygge hudens naturlige fuktighetsbarriere og tilf\u00f8re en dose vitamin C.<\/p>\n<p>Fordeler:<\/p>\n<ul>\n<li>Hud som bevarer sin fuktighet og vitalitet.<\/li>\n<li>En ungdommelig og str\u00e5lende gl\u00f8d.<\/li>\n<li>Redusert r\u00f8dhet og irritasjon.<\/li>\n<li>Uansett din hudtype, er denne masken skapt for \u00e5 gi deg den omsorgen du fortjener. Den er spesielt velegnet for de med kombinert hudtype, grov hudtekstur eller de som \u00f8nsker en dyp n\u00e6ringsboost for huden.<\/li>\n<\/ul>\n<p>Masken er formulert med riskli-ekstrakt og ferskenblomstekstrakt, to velkjente ingredienser i koreansk hudpleie som gir n\u00e6ring, skj\u00f8nnhet og en uimotst\u00e5elig gl\u00f8d.<\/p>\n<p>House of Dohwa er dedikert til \u00e5 tilby 100% veganske produkter som produseres i tr\u00e5d med gamle, tradisjonelle metoder. Deres ingredienser er av ren naturlig opprinnelse og er EWG-sertifiserte, noe som sikrer en milj\u00f8vennlig produksjon. Gjennom deres b\u00e6rekraftige emballasje tar de ogs\u00e5 vare p\u00e5 planeten mens de tar vare p\u00e5 din skj\u00f8nnhet. Utforsk den magiske verden av Dohwagain ferskenblomst nattmaske for en transformasjon av din nattlige hudpleierutine.<\/p>\n","protected":false},"excerpt":{"rendered":"<p>Peach Blossom Overnight Facial er en nattmaske &#8211; en nattlig skj\u00f8nnhetseliksir som raskt absorberes i huden og beriker den med en overflod av fuktighet og n\u00e6ringsstoffer. Den er beriket med [&hellip;]<\/p>\n","protected":false},"featured_media":13976,"template":"","meta":{"_acf_changed":false},"product_brand":[],"product_cat":[15],"product_tag":[],"class_list":{"0":"post-13973","1":"product","2":"type-product","3":"status-publish","4":"has-post-thumbnail","6":"product_cat-care-style","8":"first","9":"instock","10":"shipping-taxable","11":"purchasable","12":"product-type-simple","13":"add-to-wishlist-after_add_to_cart"},"acf":[],"yoast_head":"<!-- This site is optimized with the Yoast SEO plugin v25.6 - https:\/\/yoast.com\/wordpress\/plugins\/seo\/ -->\n<title>House of Dohwa - Peach Blossom Overnight Facial 50ml - Beauty Salon<\/title>\n<meta name=\"description\" content=\"House of Dohwa er dedikert til \u00e5 tilby 100% veganske produkter som produseres i tr\u00e5d med gamle, tradisjonelle metoder. Deres ingredienser er av ren naturlig opprinnelse og er EWG-sertifiserte, noe som sikrer en milj\u00f8vennlig produksjon.\" \/>\n<meta name=\"robots\" content=\"index, follow, max-snippet:-1, max-image-preview:large, max-video-preview:-1\" \/>\n<link rel=\"canonical\" href=\"https:\/\/demo.phpjabbers.com\/service-templates\/beauty-salon\/produkt\/house-of-dohwa-peach-blossom-overnight-facial-50ml\/\" \/>\n<meta property=\"og:locale\" content=\"en_US\" \/>\n<meta property=\"og:type\" content=\"article\" \/>\n<meta property=\"og:title\" content=\"House of Dohwa - Peach Blossom Overnight Facial 50ml - Beauty Salon\" \/>\n<meta property=\"og:description\" content=\"House of Dohwa er dedikert til \u00e5 tilby 100% veganske produkter som produseres i tr\u00e5d med gamle, tradisjonelle metoder. Deres ingredienser er av ren naturlig opprinnelse og er EWG-sertifiserte, noe som sikrer en milj\u00f8vennlig produksjon.\" \/>\n<meta property=\"og:url\" content=\"https:\/\/demo.phpjabbers.com\/service-templates\/beauty-salon\/produkt\/house-of-dohwa-peach-blossom-overnight-facial-50ml\/\" \/>\n<meta property=\"og:site_name\" content=\"Beauty Salon\" \/>\n<meta property=\"og:image\" content=\"https:\/\/demo.phpjabbers.com\/service-templates\/beauty-salon\/wp-content\/uploads\/2024\/10\/OVERNIGHT-FACIAL-50-ML-8809631801404-8-scaled.jpg\" \/>\n\t<meta property=\"og:image:width\" content=\"2560\" \/>\n\t<meta property=\"og:image:height\" content=\"1707\" \/>\n\t<meta property=\"og:image:type\" content=\"image\/jpeg\" \/>\n<meta name=\"twitter:card\" content=\"summary_large_image\" \/>\n<meta name=\"twitter:label1\" content=\"Est. reading time\" \/>\n\t<meta name=\"twitter:data1\" content=\"2 minutes\" \/>\n<script type=\"application\/ld+json\" class=\"yoast-schema-graph\">{\"@context\":\"https:\/\/schema.org\",\"@graph\":[{\"@type\":\"WebPage\",\"@id\":\"https:\/\/demo.phpjabbers.com\/service-templates\/beauty-salon\/produkt\/house-of-dohwa-peach-blossom-overnight-facial-50ml\/\",\"url\":\"https:\/\/demo.phpjabbers.com\/service-templates\/beauty-salon\/produkt\/house-of-dohwa-peach-blossom-overnight-facial-50ml\/\",\"name\":\"House of Dohwa - Peach Blossom Overnight Facial 50ml - Beauty Salon\",\"isPartOf\":{\"@id\":\"https:\/\/demo.phpjabbers.com\/service-templates\/beauty-salon\/#website\"},\"primaryImageOfPage\":{\"@id\":\"https:\/\/demo.phpjabbers.com\/service-templates\/beauty-salon\/produkt\/house-of-dohwa-peach-blossom-overnight-facial-50ml\/#primaryimage\"},\"image\":{\"@id\":\"https:\/\/demo.phpjabbers.com\/service-templates\/beauty-salon\/produkt\/house-of-dohwa-peach-blossom-overnight-facial-50ml\/#primaryimage\"},\"thumbnailUrl\":\"https:\/\/demo.phpjabbers.com\/service-templates\/beauty-salon\/wp-content\/uploads\/2024\/10\/OVERNIGHT-FACIAL-50-ML-8809631801404-8-scaled.jpg\",\"datePublished\":\"2024-10-30T07:34:45+00:00\",\"description\":\"House of Dohwa er dedikert til \u00e5 tilby 100% veganske produkter som produseres i tr\u00e5d med gamle, tradisjonelle metoder. Deres ingredienser er av ren naturlig opprinnelse og er EWG-sertifiserte, noe som sikrer en milj\u00f8vennlig produksjon.\",\"breadcrumb\":{\"@id\":\"https:\/\/demo.phpjabbers.com\/service-templates\/beauty-salon\/produkt\/house-of-dohwa-peach-blossom-overnight-facial-50ml\/#breadcrumb\"},\"inLanguage\":\"en-US\",\"potentialAction\":[{\"@type\":\"ReadAction\",\"target\":[\"https:\/\/demo.phpjabbers.com\/service-templates\/beauty-salon\/produkt\/house-of-dohwa-peach-blossom-overnight-facial-50ml\/\"]}]},{\"@type\":\"ImageObject\",\"inLanguage\":\"en-US\",\"@id\":\"https:\/\/demo.phpjabbers.com\/service-templates\/beauty-salon\/produkt\/house-of-dohwa-peach-blossom-overnight-facial-50ml\/#primaryimage\",\"url\":\"https:\/\/demo.phpjabbers.com\/service-templates\/beauty-salon\/wp-content\/uploads\/2024\/10\/OVERNIGHT-FACIAL-50-ML-8809631801404-8-scaled.jpg\",\"contentUrl\":\"https:\/\/demo.phpjabbers.com\/service-templates\/beauty-salon\/wp-content\/uploads\/2024\/10\/OVERNIGHT-FACIAL-50-ML-8809631801404-8-scaled.jpg\",\"width\":2560,\"height\":1707,\"caption\":\"Produktbilde: Housw of dohwa peach blossom overnight facial\"},{\"@type\":\"BreadcrumbList\",\"@id\":\"https:\/\/demo.phpjabbers.com\/service-templates\/beauty-salon\/produkt\/house-of-dohwa-peach-blossom-overnight-facial-50ml\/#breadcrumb\",\"itemListElement\":[{\"@type\":\"ListItem\",\"position\":1,\"name\":\"Hjem\",\"item\":\"https:\/\/demo.phpjabbers.com\/service-templates\/beauty-salon\/\"},{\"@type\":\"ListItem\",\"position\":2,\"name\":\"Shop\",\"item\":\"https:\/\/demo.phpjabbers.com\/service-templates\/beauty-salon\/shop\/\"},{\"@type\":\"ListItem\",\"position\":3,\"name\":\"House of Dohwa &#8211; Peach Blossom Overnight Facial 50ml\"}]},{\"@type\":\"WebSite\",\"@id\":\"https:\/\/demo.phpjabbers.com\/service-templates\/beauty-salon\/#website\",\"url\":\"https:\/\/demo.phpjabbers.com\/service-templates\/beauty-salon\/\",\"name\":\"Bliss Beauty\",\"description\":\"\",\"publisher\":{\"@id\":\"https:\/\/demo.phpjabbers.com\/service-templates\/beauty-salon\/#organization\"},\"potentialAction\":[{\"@type\":\"SearchAction\",\"target\":{\"@type\":\"EntryPoint\",\"urlTemplate\":\"https:\/\/demo.phpjabbers.com\/service-templates\/beauty-salon\/?s={search_term_string}\"},\"query-input\":{\"@type\":\"PropertyValueSpecification\",\"valueRequired\":true,\"valueName\":\"search_term_string\"}}],\"inLanguage\":\"en-US\"},{\"@type\":\"Organization\",\"@id\":\"https:\/\/demo.phpjabbers.com\/service-templates\/beauty-salon\/#organization\",\"name\":\"Bliss Beauty\",\"url\":\"https:\/\/demo.phpjabbers.com\/service-templates\/beauty-salon\/\",\"logo\":{\"@type\":\"ImageObject\",\"inLanguage\":\"en-US\",\"@id\":\"https:\/\/demo.phpjabbers.com\/service-templates\/beauty-salon\/#\/schema\/logo\/image\/\",\"url\":\"https:\/\/demo.phpjabbers.com\/service-templates\/beauty-salon\/wp-content\/uploads\/2024\/06\/bliss-logo.png\",\"contentUrl\":\"https:\/\/demo.phpjabbers.com\/service-templates\/beauty-salon\/wp-content\/uploads\/2024\/06\/bliss-logo.png\",\"width\":788,\"height\":291,\"caption\":\"Bliss Beauty\"},\"image\":{\"@id\":\"https:\/\/demo.phpjabbers.com\/service-templates\/beauty-salon\/#\/schema\/logo\/image\/\"}}]}<\/script>\n<!-- \/ Yoast SEO plugin. -->","yoast_head_json":{"title":"House of Dohwa - Peach Blossom Overnight Facial 50ml - Beauty Salon","description":"House of Dohwa er dedikert til \u00e5 tilby 100% veganske produkter som produseres i tr\u00e5d med gamle, tradisjonelle metoder. Deres ingredienser er av ren naturlig opprinnelse og er EWG-sertifiserte, noe som sikrer en milj\u00f8vennlig produksjon.","robots":{"index":"index","follow":"follow","max-snippet":"max-snippet:-1","max-image-preview":"max-image-preview:large","max-video-preview":"max-video-preview:-1"},"canonical":"https:\/\/demo.phpjabbers.com\/service-templates\/beauty-salon\/produkt\/house-of-dohwa-peach-blossom-overnight-facial-50ml\/","og_locale":"en_US","og_type":"article","og_title":"House of Dohwa - Peach Blossom Overnight Facial 50ml - Beauty Salon","og_description":"House of Dohwa er dedikert til \u00e5 tilby 100% veganske produkter som produseres i tr\u00e5d med gamle, tradisjonelle metoder. Deres ingredienser er av ren naturlig opprinnelse og er EWG-sertifiserte, noe som sikrer en milj\u00f8vennlig produksjon.","og_url":"https:\/\/demo.phpjabbers.com\/service-templates\/beauty-salon\/produkt\/house-of-dohwa-peach-blossom-overnight-facial-50ml\/","og_site_name":"Beauty Salon","og_image":[{"width":2560,"height":1707,"url":"https:\/\/demo.phpjabbers.com\/service-templates\/beauty-salon\/wp-content\/uploads\/2024\/10\/OVERNIGHT-FACIAL-50-ML-8809631801404-8-scaled.jpg","type":"image\/jpeg"}],"twitter_card":"summary_large_image","twitter_misc":{"Est. reading time":"2 minutes"},"schema":{"@context":"https:\/\/schema.org","@graph":[{"@type":"WebPage","@id":"https:\/\/demo.phpjabbers.com\/service-templates\/beauty-salon\/produkt\/house-of-dohwa-peach-blossom-overnight-facial-50ml\/","url":"https:\/\/demo.phpjabbers.com\/service-templates\/beauty-salon\/produkt\/house-of-dohwa-peach-blossom-overnight-facial-50ml\/","name":"House of Dohwa - Peach Blossom Overnight Facial 50ml - Beauty Salon","isPartOf":{"@id":"https:\/\/demo.phpjabbers.com\/service-templates\/beauty-salon\/#website"},"primaryImageOfPage":{"@id":"https:\/\/demo.phpjabbers.com\/service-templates\/beauty-salon\/produkt\/house-of-dohwa-peach-blossom-overnight-facial-50ml\/#primaryimage"},"image":{"@id":"https:\/\/demo.phpjabbers.com\/service-templates\/beauty-salon\/produkt\/house-of-dohwa-peach-blossom-overnight-facial-50ml\/#primaryimage"},"thumbnailUrl":"https:\/\/demo.phpjabbers.com\/service-templates\/beauty-salon\/wp-content\/uploads\/2024\/10\/OVERNIGHT-FACIAL-50-ML-8809631801404-8-scaled.jpg","datePublished":"2024-10-30T07:34:45+00:00","description":"House of Dohwa er dedikert til \u00e5 tilby 100% veganske produkter som produseres i tr\u00e5d med gamle, tradisjonelle metoder. Deres ingredienser er av ren naturlig opprinnelse og er EWG-sertifiserte, noe som sikrer en milj\u00f8vennlig produksjon.","breadcrumb":{"@id":"https:\/\/demo.phpjabbers.com\/service-templates\/beauty-salon\/produkt\/house-of-dohwa-peach-blossom-overnight-facial-50ml\/#breadcrumb"},"inLanguage":"en-US","potentialAction":[{"@type":"ReadAction","target":["https:\/\/demo.phpjabbers.com\/service-templates\/beauty-salon\/produkt\/house-of-dohwa-peach-blossom-overnight-facial-50ml\/"]}]},{"@type":"ImageObject","inLanguage":"en-US","@id":"https:\/\/demo.phpjabbers.com\/service-templates\/beauty-salon\/produkt\/house-of-dohwa-peach-blossom-overnight-facial-50ml\/#primaryimage","url":"https:\/\/demo.phpjabbers.com\/service-templates\/beauty-salon\/wp-content\/uploads\/2024\/10\/OVERNIGHT-FACIAL-50-ML-8809631801404-8-scaled.jpg","contentUrl":"https:\/\/demo.phpjabbers.com\/service-templates\/beauty-salon\/wp-content\/uploads\/2024\/10\/OVERNIGHT-FACIAL-50-ML-8809631801404-8-scaled.jpg","width":2560,"height":1707,"caption":"Produktbilde: Housw of dohwa peach blossom overnight facial"},{"@type":"BreadcrumbList","@id":"https:\/\/demo.phpjabbers.com\/service-templates\/beauty-salon\/produkt\/house-of-dohwa-peach-blossom-overnight-facial-50ml\/#breadcrumb","itemListElement":[{"@type":"ListItem","position":1,"name":"Hjem","item":"https:\/\/demo.phpjabbers.com\/service-templates\/beauty-salon\/"},{"@type":"ListItem","position":2,"name":"Shop","item":"https:\/\/demo.phpjabbers.com\/service-templates\/beauty-salon\/shop\/"},{"@type":"ListItem","position":3,"name":"House of Dohwa &#8211; Peach Blossom Overnight Facial 50ml"}]},{"@type":"WebSite","@id":"https:\/\/demo.phpjabbers.com\/service-templates\/beauty-salon\/#website","url":"https:\/\/demo.phpjabbers.com\/service-templates\/beauty-salon\/","name":"Bliss Beauty","description":"","publisher":{"@id":"https:\/\/demo.phpjabbers.com\/service-templates\/beauty-salon\/#organization"},"potentialAction":[{"@type":"SearchAction","target":{"@type":"EntryPoint","urlTemplate":"https:\/\/demo.phpjabbers.com\/service-templates\/beauty-salon\/?s={search_term_string}"},"query-input":{"@type":"PropertyValueSpecification","valueRequired":true,"valueName":"search_term_string"}}],"inLanguage":"en-US"},{"@type":"Organization","@id":"https:\/\/demo.phpjabbers.com\/service-templates\/beauty-salon\/#organization","name":"Bliss Beauty","url":"https:\/\/demo.phpjabbers.com\/service-templates\/beauty-salon\/","logo":{"@type":"ImageObject","inLanguage":"en-US","@id":"https:\/\/demo.phpjabbers.com\/service-templates\/beauty-salon\/#\/schema\/logo\/image\/","url":"https:\/\/demo.phpjabbers.com\/service-templates\/beauty-salon\/wp-content\/uploads\/2024\/06\/bliss-logo.png","contentUrl":"https:\/\/demo.phpjabbers.com\/service-templates\/beauty-salon\/wp-content\/uploads\/2024\/06\/bliss-logo.png","width":788,"height":291,"caption":"Bliss Beauty"},"image":{"@id":"https:\/\/demo.phpjabbers.com\/service-templates\/beauty-salon\/#\/schema\/logo\/image\/"}}]}},"_links":{"self":[{"href":"https:\/\/demo.phpjabbers.com\/service-templates\/beauty-salon\/wp-json\/wp\/v2\/product\/13973","targetHints":{"allow":["GET"]}}],"collection":[{"href":"https:\/\/demo.phpjabbers.com\/service-templates\/beauty-salon\/wp-json\/wp\/v2\/product"}],"about":[{"href":"https:\/\/demo.phpjabbers.com\/service-templates\/beauty-salon\/wp-json\/wp\/v2\/types\/product"}],"version-history":[{"count":1,"href":"https:\/\/demo.phpjabbers.com\/service-templates\/beauty-salon\/wp-json\/wp\/v2\/product\/13973\/revisions"}],"predecessor-version":[{"id":13978,"href":"https:\/\/demo.phpjabbers.com\/service-templates\/beauty-salon\/wp-json\/wp\/v2\/product\/13973\/revisions\/13978"}],"wp:featuredmedia":[{"embeddable":true,"href":"https:\/\/demo.phpjabbers.com\/service-templates\/beauty-salon\/wp-json\/wp\/v2\/media\/13976"}],"wp:attachment":[{"href":"https:\/\/demo.phpjabbers.com\/service-templates\/beauty-salon\/wp-json\/wp\/v2\/media?parent=13973"}],"wp:term":[{"taxonomy":"product_brand","embeddable":true,"href":"https:\/\/demo.phpjabbers.com\/service-templates\/beauty-salon\/wp-json\/wp\/v2\/product_brand?post=13973"},{"taxonomy":"product_cat","embeddable":true,"href":"https:\/\/demo.phpjabbers.com\/service-templates\/beauty-salon\/wp-json\/wp\/v2\/product_cat?post=13973"},{"taxonomy":"product_tag","embeddable":true,"href":"https:\/\/demo.phpjabbers.com\/service-templates\/beauty-salon\/wp-json\/wp\/v2\/product_tag?post=13973"}],"curies":[{"name":"wp","href":"https:\/\/api.w.org\/{rel}","templated":true}]}}