{"id":13952,"date":"2024-10-30T07:37:28","date_gmt":"2024-10-30T06:37:28","guid":{"rendered":"https:\/\/demo.phpjabbers.com\/service-templates\/beauty-salon\/?post_type=product&#038;p=13952"},"modified":"2024-10-30T07:37:28","modified_gmt":"2024-10-30T06:37:28","slug":"steambase-daily-eyemask-lavender-blue-water","status":"publish","type":"product","link":"https:\/\/demo.phpjabbers.com\/service-templates\/beauty-salon\/produkt\/steambase-daily-eyemask-lavender-blue-water\/","title":{"rendered":"Steambase daily eyemask &#8211; Lavender Blue Water"},"content":{"rendered":"<p>Dr\u00f8m deg bort til en verden av avslapning og velv\u00e6re med Steambase revolusjonerende \u00f8yemaskermed damp!<\/p>\n<p>Steambase\u00f8yemasker tar selvpleie til nye h\u00f8yder ved \u00e5 kombinere beroligende varmeogrevitaliserende damp, alt pakket inn i en liten, luksuri\u00f8s pakke. N\u00e5r du \u00e5pner v\u00e5r eksklusive \u00f8yemaske, utl\u00f8ses en varm damp som mykgj\u00f8r huden rundt \u00f8ynenedine og frigj\u00f8r spenninger etter en lang dag. Den beroligende dampen \u00e5pner porene og gir enforyngende f\u00f8lelse, samtidig som den forbedrer sirkulasjonen og reduserer synligheten avtr\u00f8tthetstegn.Maskene kommer i \u00e5tte unike varianter og er beriket med naturlige ekstrakter og essensielle oljersom beroliger og n\u00e6rer huden, og gir deg en f\u00f8lelse av total avslapning og velv\u00e6re.<\/p>\n<p>Enten det eretter en travel dag p\u00e5 jobb, eller som en del av din egenpleierutine, vil v\u00e5re \u00f8yemasker fraSteambase v\u00e6re din ultimate f\u00f8lgesvenn for \u00e5 lade opp og gi n\u00e6ring til b\u00e5de kropp og sjel.Opplev den ultimate luksusen av en spa-behandling hjemme med Steambase \u00f8yemasker med damp.<\/p>\n<p>Gi deg selv den pausen du fortjener!<\/p>\n","protected":false},"excerpt":{"rendered":"<p>Dr\u00f8m deg bort til en verden av avslapning og velv\u00e6re med Steambase revolusjonerende \u00f8yemaskermed damp! Steambase\u00f8yemasker tar selvpleie til nye h\u00f8yder ved \u00e5 kombinere beroligende varmeogrevitaliserende damp, alt pakket inn [&hellip;]<\/p>\n","protected":false},"featured_media":13954,"template":"","meta":{"_acf_changed":false},"product_brand":[],"product_cat":[15],"product_tag":[],"class_list":{"0":"post-13952","1":"product","2":"type-product","3":"status-publish","4":"has-post-thumbnail","6":"product_cat-care-style","8":"first","9":"instock","10":"shipping-taxable","11":"purchasable","12":"product-type-simple","13":"add-to-wishlist-after_add_to_cart"},"acf":[],"yoast_head":"<!-- This site is optimized with the Yoast SEO plugin v25.6 - https:\/\/yoast.com\/wordpress\/plugins\/seo\/ -->\n<title>Steambase daily eyemask - Lavender Blue Water - Beauty Salon<\/title>\n<meta name=\"description\" content=\"Steambase\u00f8yemasker tar selvpleie til nye h\u00f8yder ved \u00e5 kombinere beroligende varmeogrevitaliserende damp, alt pakket inn i en liten, luksuri\u00f8s pakke.\" \/>\n<meta name=\"robots\" content=\"index, follow, max-snippet:-1, max-image-preview:large, max-video-preview:-1\" \/>\n<link rel=\"canonical\" href=\"https:\/\/demo.phpjabbers.com\/service-templates\/beauty-salon\/produkt\/steambase-daily-eyemask-lavender-blue-water\/\" \/>\n<meta property=\"og:locale\" content=\"en_US\" \/>\n<meta property=\"og:type\" content=\"article\" \/>\n<meta property=\"og:title\" content=\"Steambase daily eyemask - Lavender Blue Water - Beauty Salon\" \/>\n<meta property=\"og:description\" content=\"Steambase\u00f8yemasker tar selvpleie til nye h\u00f8yder ved \u00e5 kombinere beroligende varmeogrevitaliserende damp, alt pakket inn i en liten, luksuri\u00f8s pakke.\" \/>\n<meta property=\"og:url\" content=\"https:\/\/demo.phpjabbers.com\/service-templates\/beauty-salon\/produkt\/steambase-daily-eyemask-lavender-blue-water\/\" \/>\n<meta property=\"og:site_name\" content=\"Beauty Salon\" \/>\n<meta property=\"og:image\" content=\"https:\/\/demo.phpjabbers.com\/service-templates\/beauty-salon\/wp-content\/uploads\/2024\/10\/8809290580689-LAVENDER-BLUE-WATER-2-1024x1024.png\" \/>\n\t<meta property=\"og:image:width\" content=\"1024\" \/>\n\t<meta property=\"og:image:height\" content=\"1024\" \/>\n\t<meta property=\"og:image:type\" content=\"image\/png\" \/>\n<meta name=\"twitter:card\" content=\"summary_large_image\" \/>\n<meta name=\"twitter:label1\" content=\"Est. reading time\" \/>\n\t<meta name=\"twitter:data1\" content=\"2 minutes\" \/>\n<script type=\"application\/ld+json\" class=\"yoast-schema-graph\">{\"@context\":\"https:\/\/schema.org\",\"@graph\":[{\"@type\":\"WebPage\",\"@id\":\"https:\/\/demo.phpjabbers.com\/service-templates\/beauty-salon\/produkt\/steambase-daily-eyemask-lavender-blue-water\/\",\"url\":\"https:\/\/demo.phpjabbers.com\/service-templates\/beauty-salon\/produkt\/steambase-daily-eyemask-lavender-blue-water\/\",\"name\":\"Steambase daily eyemask - Lavender Blue Water - Beauty Salon\",\"isPartOf\":{\"@id\":\"https:\/\/demo.phpjabbers.com\/service-templates\/beauty-salon\/#website\"},\"primaryImageOfPage\":{\"@id\":\"https:\/\/demo.phpjabbers.com\/service-templates\/beauty-salon\/produkt\/steambase-daily-eyemask-lavender-blue-water\/#primaryimage\"},\"image\":{\"@id\":\"https:\/\/demo.phpjabbers.com\/service-templates\/beauty-salon\/produkt\/steambase-daily-eyemask-lavender-blue-water\/#primaryimage\"},\"thumbnailUrl\":\"https:\/\/demo.phpjabbers.com\/service-templates\/beauty-salon\/wp-content\/uploads\/2024\/10\/8809290580689-LAVENDER-BLUE-WATER-2.png\",\"datePublished\":\"2024-10-30T06:37:28+00:00\",\"description\":\"Steambase\u00f8yemasker tar selvpleie til nye h\u00f8yder ved \u00e5 kombinere beroligende varmeogrevitaliserende damp, alt pakket inn i en liten, luksuri\u00f8s pakke.\",\"breadcrumb\":{\"@id\":\"https:\/\/demo.phpjabbers.com\/service-templates\/beauty-salon\/produkt\/steambase-daily-eyemask-lavender-blue-water\/#breadcrumb\"},\"inLanguage\":\"en-US\",\"potentialAction\":[{\"@type\":\"ReadAction\",\"target\":[\"https:\/\/demo.phpjabbers.com\/service-templates\/beauty-salon\/produkt\/steambase-daily-eyemask-lavender-blue-water\/\"]}]},{\"@type\":\"ImageObject\",\"inLanguage\":\"en-US\",\"@id\":\"https:\/\/demo.phpjabbers.com\/service-templates\/beauty-salon\/produkt\/steambase-daily-eyemask-lavender-blue-water\/#primaryimage\",\"url\":\"https:\/\/demo.phpjabbers.com\/service-templates\/beauty-salon\/wp-content\/uploads\/2024\/10\/8809290580689-LAVENDER-BLUE-WATER-2.png\",\"contentUrl\":\"https:\/\/demo.phpjabbers.com\/service-templates\/beauty-salon\/wp-content\/uploads\/2024\/10\/8809290580689-LAVENDER-BLUE-WATER-2.png\",\"width\":2000,\"height\":2000,\"caption\":\"Produktbilde: Steambase eyemask lavender blue water\"},{\"@type\":\"BreadcrumbList\",\"@id\":\"https:\/\/demo.phpjabbers.com\/service-templates\/beauty-salon\/produkt\/steambase-daily-eyemask-lavender-blue-water\/#breadcrumb\",\"itemListElement\":[{\"@type\":\"ListItem\",\"position\":1,\"name\":\"Hjem\",\"item\":\"https:\/\/demo.phpjabbers.com\/service-templates\/beauty-salon\/\"},{\"@type\":\"ListItem\",\"position\":2,\"name\":\"Shop\",\"item\":\"https:\/\/demo.phpjabbers.com\/service-templates\/beauty-salon\/shop\/\"},{\"@type\":\"ListItem\",\"position\":3,\"name\":\"Steambase daily eyemask &#8211; Lavender Blue Water\"}]},{\"@type\":\"WebSite\",\"@id\":\"https:\/\/demo.phpjabbers.com\/service-templates\/beauty-salon\/#website\",\"url\":\"https:\/\/demo.phpjabbers.com\/service-templates\/beauty-salon\/\",\"name\":\"Bliss Beauty\",\"description\":\"\",\"publisher\":{\"@id\":\"https:\/\/demo.phpjabbers.com\/service-templates\/beauty-salon\/#organization\"},\"potentialAction\":[{\"@type\":\"SearchAction\",\"target\":{\"@type\":\"EntryPoint\",\"urlTemplate\":\"https:\/\/demo.phpjabbers.com\/service-templates\/beauty-salon\/?s={search_term_string}\"},\"query-input\":{\"@type\":\"PropertyValueSpecification\",\"valueRequired\":true,\"valueName\":\"search_term_string\"}}],\"inLanguage\":\"en-US\"},{\"@type\":\"Organization\",\"@id\":\"https:\/\/demo.phpjabbers.com\/service-templates\/beauty-salon\/#organization\",\"name\":\"Bliss Beauty\",\"url\":\"https:\/\/demo.phpjabbers.com\/service-templates\/beauty-salon\/\",\"logo\":{\"@type\":\"ImageObject\",\"inLanguage\":\"en-US\",\"@id\":\"https:\/\/demo.phpjabbers.com\/service-templates\/beauty-salon\/#\/schema\/logo\/image\/\",\"url\":\"https:\/\/demo.phpjabbers.com\/service-templates\/beauty-salon\/wp-content\/uploads\/2024\/06\/bliss-logo.png\",\"contentUrl\":\"https:\/\/demo.phpjabbers.com\/service-templates\/beauty-salon\/wp-content\/uploads\/2024\/06\/bliss-logo.png\",\"width\":788,\"height\":291,\"caption\":\"Bliss Beauty\"},\"image\":{\"@id\":\"https:\/\/demo.phpjabbers.com\/service-templates\/beauty-salon\/#\/schema\/logo\/image\/\"}}]}<\/script>\n<!-- \/ Yoast SEO plugin. -->","yoast_head_json":{"title":"Steambase daily eyemask - Lavender Blue Water - Beauty Salon","description":"Steambase\u00f8yemasker tar selvpleie til nye h\u00f8yder ved \u00e5 kombinere beroligende varmeogrevitaliserende damp, alt pakket inn i en liten, luksuri\u00f8s pakke.","robots":{"index":"index","follow":"follow","max-snippet":"max-snippet:-1","max-image-preview":"max-image-preview:large","max-video-preview":"max-video-preview:-1"},"canonical":"https:\/\/demo.phpjabbers.com\/service-templates\/beauty-salon\/produkt\/steambase-daily-eyemask-lavender-blue-water\/","og_locale":"en_US","og_type":"article","og_title":"Steambase daily eyemask - Lavender Blue Water - Beauty Salon","og_description":"Steambase\u00f8yemasker tar selvpleie til nye h\u00f8yder ved \u00e5 kombinere beroligende varmeogrevitaliserende damp, alt pakket inn i en liten, luksuri\u00f8s pakke.","og_url":"https:\/\/demo.phpjabbers.com\/service-templates\/beauty-salon\/produkt\/steambase-daily-eyemask-lavender-blue-water\/","og_site_name":"Beauty Salon","og_image":[{"width":1024,"height":1024,"url":"https:\/\/demo.phpjabbers.com\/service-templates\/beauty-salon\/wp-content\/uploads\/2024\/10\/8809290580689-LAVENDER-BLUE-WATER-2-1024x1024.png","type":"image\/png"}],"twitter_card":"summary_large_image","twitter_misc":{"Est. reading time":"2 minutes"},"schema":{"@context":"https:\/\/schema.org","@graph":[{"@type":"WebPage","@id":"https:\/\/demo.phpjabbers.com\/service-templates\/beauty-salon\/produkt\/steambase-daily-eyemask-lavender-blue-water\/","url":"https:\/\/demo.phpjabbers.com\/service-templates\/beauty-salon\/produkt\/steambase-daily-eyemask-lavender-blue-water\/","name":"Steambase daily eyemask - Lavender Blue Water - Beauty Salon","isPartOf":{"@id":"https:\/\/demo.phpjabbers.com\/service-templates\/beauty-salon\/#website"},"primaryImageOfPage":{"@id":"https:\/\/demo.phpjabbers.com\/service-templates\/beauty-salon\/produkt\/steambase-daily-eyemask-lavender-blue-water\/#primaryimage"},"image":{"@id":"https:\/\/demo.phpjabbers.com\/service-templates\/beauty-salon\/produkt\/steambase-daily-eyemask-lavender-blue-water\/#primaryimage"},"thumbnailUrl":"https:\/\/demo.phpjabbers.com\/service-templates\/beauty-salon\/wp-content\/uploads\/2024\/10\/8809290580689-LAVENDER-BLUE-WATER-2.png","datePublished":"2024-10-30T06:37:28+00:00","description":"Steambase\u00f8yemasker tar selvpleie til nye h\u00f8yder ved \u00e5 kombinere beroligende varmeogrevitaliserende damp, alt pakket inn i en liten, luksuri\u00f8s pakke.","breadcrumb":{"@id":"https:\/\/demo.phpjabbers.com\/service-templates\/beauty-salon\/produkt\/steambase-daily-eyemask-lavender-blue-water\/#breadcrumb"},"inLanguage":"en-US","potentialAction":[{"@type":"ReadAction","target":["https:\/\/demo.phpjabbers.com\/service-templates\/beauty-salon\/produkt\/steambase-daily-eyemask-lavender-blue-water\/"]}]},{"@type":"ImageObject","inLanguage":"en-US","@id":"https:\/\/demo.phpjabbers.com\/service-templates\/beauty-salon\/produkt\/steambase-daily-eyemask-lavender-blue-water\/#primaryimage","url":"https:\/\/demo.phpjabbers.com\/service-templates\/beauty-salon\/wp-content\/uploads\/2024\/10\/8809290580689-LAVENDER-BLUE-WATER-2.png","contentUrl":"https:\/\/demo.phpjabbers.com\/service-templates\/beauty-salon\/wp-content\/uploads\/2024\/10\/8809290580689-LAVENDER-BLUE-WATER-2.png","width":2000,"height":2000,"caption":"Produktbilde: Steambase eyemask lavender blue water"},{"@type":"BreadcrumbList","@id":"https:\/\/demo.phpjabbers.com\/service-templates\/beauty-salon\/produkt\/steambase-daily-eyemask-lavender-blue-water\/#breadcrumb","itemListElement":[{"@type":"ListItem","position":1,"name":"Hjem","item":"https:\/\/demo.phpjabbers.com\/service-templates\/beauty-salon\/"},{"@type":"ListItem","position":2,"name":"Shop","item":"https:\/\/demo.phpjabbers.com\/service-templates\/beauty-salon\/shop\/"},{"@type":"ListItem","position":3,"name":"Steambase daily eyemask &#8211; Lavender Blue Water"}]},{"@type":"WebSite","@id":"https:\/\/demo.phpjabbers.com\/service-templates\/beauty-salon\/#website","url":"https:\/\/demo.phpjabbers.com\/service-templates\/beauty-salon\/","name":"Bliss Beauty","description":"","publisher":{"@id":"https:\/\/demo.phpjabbers.com\/service-templates\/beauty-salon\/#organization"},"potentialAction":[{"@type":"SearchAction","target":{"@type":"EntryPoint","urlTemplate":"https:\/\/demo.phpjabbers.com\/service-templates\/beauty-salon\/?s={search_term_string}"},"query-input":{"@type":"PropertyValueSpecification","valueRequired":true,"valueName":"search_term_string"}}],"inLanguage":"en-US"},{"@type":"Organization","@id":"https:\/\/demo.phpjabbers.com\/service-templates\/beauty-salon\/#organization","name":"Bliss Beauty","url":"https:\/\/demo.phpjabbers.com\/service-templates\/beauty-salon\/","logo":{"@type":"ImageObject","inLanguage":"en-US","@id":"https:\/\/demo.phpjabbers.com\/service-templates\/beauty-salon\/#\/schema\/logo\/image\/","url":"https:\/\/demo.phpjabbers.com\/service-templates\/beauty-salon\/wp-content\/uploads\/2024\/06\/bliss-logo.png","contentUrl":"https:\/\/demo.phpjabbers.com\/service-templates\/beauty-salon\/wp-content\/uploads\/2024\/06\/bliss-logo.png","width":788,"height":291,"caption":"Bliss Beauty"},"image":{"@id":"https:\/\/demo.phpjabbers.com\/service-templates\/beauty-salon\/#\/schema\/logo\/image\/"}}]}},"_links":{"self":[{"href":"https:\/\/demo.phpjabbers.com\/service-templates\/beauty-salon\/wp-json\/wp\/v2\/product\/13952","targetHints":{"allow":["GET"]}}],"collection":[{"href":"https:\/\/demo.phpjabbers.com\/service-templates\/beauty-salon\/wp-json\/wp\/v2\/product"}],"about":[{"href":"https:\/\/demo.phpjabbers.com\/service-templates\/beauty-salon\/wp-json\/wp\/v2\/types\/product"}],"version-history":[{"count":1,"href":"https:\/\/demo.phpjabbers.com\/service-templates\/beauty-salon\/wp-json\/wp\/v2\/product\/13952\/revisions"}],"predecessor-version":[{"id":13958,"href":"https:\/\/demo.phpjabbers.com\/service-templates\/beauty-salon\/wp-json\/wp\/v2\/product\/13952\/revisions\/13958"}],"wp:featuredmedia":[{"embeddable":true,"href":"https:\/\/demo.phpjabbers.com\/service-templates\/beauty-salon\/wp-json\/wp\/v2\/media\/13954"}],"wp:attachment":[{"href":"https:\/\/demo.phpjabbers.com\/service-templates\/beauty-salon\/wp-json\/wp\/v2\/media?parent=13952"}],"wp:term":[{"taxonomy":"product_brand","embeddable":true,"href":"https:\/\/demo.phpjabbers.com\/service-templates\/beauty-salon\/wp-json\/wp\/v2\/product_brand?post=13952"},{"taxonomy":"product_cat","embeddable":true,"href":"https:\/\/demo.phpjabbers.com\/service-templates\/beauty-salon\/wp-json\/wp\/v2\/product_cat?post=13952"},{"taxonomy":"product_tag","embeddable":true,"href":"https:\/\/demo.phpjabbers.com\/service-templates\/beauty-salon\/wp-json\/wp\/v2\/product_tag?post=13952"}],"curies":[{"name":"wp","href":"https:\/\/api.w.org\/{rel}","templated":true}]}}