{"id":11485,"date":"2024-09-30T08:57:50","date_gmt":"2024-09-30T06:57:50","guid":{"rendered":"https:\/\/demo.phpjabbers.com\/service-templates\/beauty-salon\/?post_type=product&#038;p=11485"},"modified":"2024-10-02T15:41:54","modified_gmt":"2024-10-02T13:41:54","slug":"structure-repair-shampoo","status":"publish","type":"product","link":"https:\/\/demo.phpjabbers.com\/service-templates\/beauty-salon\/produkt\/structure-repair-shampoo\/","title":{"rendered":"Structure Repair Shampoo"},"content":{"rendered":"<p>En pleiende sjampo for skadet og kjemisk behandlet h\u00e5r som fukter og styrker h\u00e5rets struktur. Reparerende algeekstrakt hjelper skadet h\u00e5r med \u00e5 gjenvinne sin naturlige styrke, mykhet og glans. Structure Repair Shampoo har en mild duft av vanilje, rose og sjasmin som f\u00e5r h\u00e5ret til \u00e5 lukte like sunt som det f\u00f8les. Fargebevaring Color Guard Complex beskytter h\u00e5ret ditt mot UV-str\u00e5ling og frie radikaler.<\/p>\n","protected":false},"excerpt":{"rendered":"<p>Pleiende sjampo for skadet, t\u00f8rt og kjemisk behandlet h\u00e5r som styrker h\u00e5rets struktur.<\/p>\n","protected":false},"featured_media":12147,"template":"","meta":{"_acf_changed":false},"product_brand":[],"product_cat":[15],"product_tag":[],"class_list":{"0":"post-11485","1":"product","2":"type-product","3":"status-publish","4":"has-post-thumbnail","6":"product_cat-care-style","8":"first","9":"instock","10":"shipping-taxable","11":"purchasable","12":"product-type-variable","13":"add-to-wishlist-after_add_to_cart"},"acf":[],"yoast_head":"<!-- This site is optimized with the Yoast SEO plugin v25.6 - https:\/\/yoast.com\/wordpress\/plugins\/seo\/ -->\n<title>Structure Repair Shampoo - Beauty Salon<\/title>\n<meta name=\"robots\" content=\"index, follow, max-snippet:-1, max-image-preview:large, max-video-preview:-1\" \/>\n<link rel=\"canonical\" href=\"https:\/\/demo.phpjabbers.com\/service-templates\/beauty-salon\/produkt\/structure-repair-shampoo\/\" \/>\n<meta property=\"og:locale\" content=\"en_US\" \/>\n<meta property=\"og:type\" content=\"article\" \/>\n<meta property=\"og:title\" content=\"Structure Repair Shampoo - Beauty Salon\" \/>\n<meta property=\"og:description\" content=\"Pleiende sjampo for skadet, t\u00f8rt og kjemisk behandlet h\u00e5r som styrker h\u00e5rets struktur.\" \/>\n<meta property=\"og:url\" content=\"https:\/\/demo.phpjabbers.com\/service-templates\/beauty-salon\/produkt\/structure-repair-shampoo\/\" \/>\n<meta property=\"og:site_name\" content=\"Beauty Salon\" \/>\n<meta property=\"article:modified_time\" content=\"2024-10-02T13:41:54+00:00\" \/>\n<meta property=\"og:image\" content=\"https:\/\/demo.phpjabbers.com\/service-templates\/beauty-salon\/wp-content\/uploads\/2024\/09\/3605-683x1024.png\" \/>\n\t<meta property=\"og:image:width\" content=\"683\" \/>\n\t<meta property=\"og:image:height\" content=\"1024\" \/>\n\t<meta property=\"og:image:type\" content=\"image\/png\" \/>\n<meta name=\"twitter:card\" content=\"summary_large_image\" \/>\n<script type=\"application\/ld+json\" class=\"yoast-schema-graph\">{\"@context\":\"https:\/\/schema.org\",\"@graph\":[{\"@type\":\"WebPage\",\"@id\":\"https:\/\/demo.phpjabbers.com\/service-templates\/beauty-salon\/produkt\/structure-repair-shampoo\/\",\"url\":\"https:\/\/demo.phpjabbers.com\/service-templates\/beauty-salon\/produkt\/structure-repair-shampoo\/\",\"name\":\"Structure Repair Shampoo - Beauty Salon\",\"isPartOf\":{\"@id\":\"https:\/\/demo.phpjabbers.com\/service-templates\/beauty-salon\/#website\"},\"primaryImageOfPage\":{\"@id\":\"https:\/\/demo.phpjabbers.com\/service-templates\/beauty-salon\/produkt\/structure-repair-shampoo\/#primaryimage\"},\"image\":{\"@id\":\"https:\/\/demo.phpjabbers.com\/service-templates\/beauty-salon\/produkt\/structure-repair-shampoo\/#primaryimage\"},\"thumbnailUrl\":\"https:\/\/demo.phpjabbers.com\/service-templates\/beauty-salon\/wp-content\/uploads\/2024\/09\/3605.png\",\"datePublished\":\"2024-09-30T06:57:50+00:00\",\"dateModified\":\"2024-10-02T13:41:54+00:00\",\"breadcrumb\":{\"@id\":\"https:\/\/demo.phpjabbers.com\/service-templates\/beauty-salon\/produkt\/structure-repair-shampoo\/#breadcrumb\"},\"inLanguage\":\"en-US\",\"potentialAction\":[{\"@type\":\"ReadAction\",\"target\":[\"https:\/\/demo.phpjabbers.com\/service-templates\/beauty-salon\/produkt\/structure-repair-shampoo\/\"]}]},{\"@type\":\"ImageObject\",\"inLanguage\":\"en-US\",\"@id\":\"https:\/\/demo.phpjabbers.com\/service-templates\/beauty-salon\/produkt\/structure-repair-shampoo\/#primaryimage\",\"url\":\"https:\/\/demo.phpjabbers.com\/service-templates\/beauty-salon\/wp-content\/uploads\/2024\/09\/3605.png\",\"contentUrl\":\"https:\/\/demo.phpjabbers.com\/service-templates\/beauty-salon\/wp-content\/uploads\/2024\/09\/3605.png\",\"width\":3840,\"height\":5760},{\"@type\":\"BreadcrumbList\",\"@id\":\"https:\/\/demo.phpjabbers.com\/service-templates\/beauty-salon\/produkt\/structure-repair-shampoo\/#breadcrumb\",\"itemListElement\":[{\"@type\":\"ListItem\",\"position\":1,\"name\":\"Hjem\",\"item\":\"https:\/\/demo.phpjabbers.com\/service-templates\/beauty-salon\/\"},{\"@type\":\"ListItem\",\"position\":2,\"name\":\"Shop\",\"item\":\"https:\/\/demo.phpjabbers.com\/service-templates\/beauty-salon\/shop\/\"},{\"@type\":\"ListItem\",\"position\":3,\"name\":\"Structure Repair Shampoo\"}]},{\"@type\":\"WebSite\",\"@id\":\"https:\/\/demo.phpjabbers.com\/service-templates\/beauty-salon\/#website\",\"url\":\"https:\/\/demo.phpjabbers.com\/service-templates\/beauty-salon\/\",\"name\":\"Bliss Beauty\",\"description\":\"\",\"publisher\":{\"@id\":\"https:\/\/demo.phpjabbers.com\/service-templates\/beauty-salon\/#organization\"},\"potentialAction\":[{\"@type\":\"SearchAction\",\"target\":{\"@type\":\"EntryPoint\",\"urlTemplate\":\"https:\/\/demo.phpjabbers.com\/service-templates\/beauty-salon\/?s={search_term_string}\"},\"query-input\":{\"@type\":\"PropertyValueSpecification\",\"valueRequired\":true,\"valueName\":\"search_term_string\"}}],\"inLanguage\":\"en-US\"},{\"@type\":\"Organization\",\"@id\":\"https:\/\/demo.phpjabbers.com\/service-templates\/beauty-salon\/#organization\",\"name\":\"Bliss Beauty\",\"url\":\"https:\/\/demo.phpjabbers.com\/service-templates\/beauty-salon\/\",\"logo\":{\"@type\":\"ImageObject\",\"inLanguage\":\"en-US\",\"@id\":\"https:\/\/demo.phpjabbers.com\/service-templates\/beauty-salon\/#\/schema\/logo\/image\/\",\"url\":\"https:\/\/demo.phpjabbers.com\/service-templates\/beauty-salon\/wp-content\/uploads\/2024\/06\/bliss-logo.png\",\"contentUrl\":\"https:\/\/demo.phpjabbers.com\/service-templates\/beauty-salon\/wp-content\/uploads\/2024\/06\/bliss-logo.png\",\"width\":788,\"height\":291,\"caption\":\"Bliss Beauty\"},\"image\":{\"@id\":\"https:\/\/demo.phpjabbers.com\/service-templates\/beauty-salon\/#\/schema\/logo\/image\/\"}}]}<\/script>\n<!-- \/ Yoast SEO plugin. -->","yoast_head_json":{"title":"Structure Repair Shampoo - Beauty Salon","robots":{"index":"index","follow":"follow","max-snippet":"max-snippet:-1","max-image-preview":"max-image-preview:large","max-video-preview":"max-video-preview:-1"},"canonical":"https:\/\/demo.phpjabbers.com\/service-templates\/beauty-salon\/produkt\/structure-repair-shampoo\/","og_locale":"en_US","og_type":"article","og_title":"Structure Repair Shampoo - Beauty Salon","og_description":"Pleiende sjampo for skadet, t\u00f8rt og kjemisk behandlet h\u00e5r som styrker h\u00e5rets struktur.","og_url":"https:\/\/demo.phpjabbers.com\/service-templates\/beauty-salon\/produkt\/structure-repair-shampoo\/","og_site_name":"Beauty Salon","article_modified_time":"2024-10-02T13:41:54+00:00","og_image":[{"width":683,"height":1024,"url":"https:\/\/demo.phpjabbers.com\/service-templates\/beauty-salon\/wp-content\/uploads\/2024\/09\/3605-683x1024.png","type":"image\/png"}],"twitter_card":"summary_large_image","schema":{"@context":"https:\/\/schema.org","@graph":[{"@type":"WebPage","@id":"https:\/\/demo.phpjabbers.com\/service-templates\/beauty-salon\/produkt\/structure-repair-shampoo\/","url":"https:\/\/demo.phpjabbers.com\/service-templates\/beauty-salon\/produkt\/structure-repair-shampoo\/","name":"Structure Repair Shampoo - Beauty Salon","isPartOf":{"@id":"https:\/\/demo.phpjabbers.com\/service-templates\/beauty-salon\/#website"},"primaryImageOfPage":{"@id":"https:\/\/demo.phpjabbers.com\/service-templates\/beauty-salon\/produkt\/structure-repair-shampoo\/#primaryimage"},"image":{"@id":"https:\/\/demo.phpjabbers.com\/service-templates\/beauty-salon\/produkt\/structure-repair-shampoo\/#primaryimage"},"thumbnailUrl":"https:\/\/demo.phpjabbers.com\/service-templates\/beauty-salon\/wp-content\/uploads\/2024\/09\/3605.png","datePublished":"2024-09-30T06:57:50+00:00","dateModified":"2024-10-02T13:41:54+00:00","breadcrumb":{"@id":"https:\/\/demo.phpjabbers.com\/service-templates\/beauty-salon\/produkt\/structure-repair-shampoo\/#breadcrumb"},"inLanguage":"en-US","potentialAction":[{"@type":"ReadAction","target":["https:\/\/demo.phpjabbers.com\/service-templates\/beauty-salon\/produkt\/structure-repair-shampoo\/"]}]},{"@type":"ImageObject","inLanguage":"en-US","@id":"https:\/\/demo.phpjabbers.com\/service-templates\/beauty-salon\/produkt\/structure-repair-shampoo\/#primaryimage","url":"https:\/\/demo.phpjabbers.com\/service-templates\/beauty-salon\/wp-content\/uploads\/2024\/09\/3605.png","contentUrl":"https:\/\/demo.phpjabbers.com\/service-templates\/beauty-salon\/wp-content\/uploads\/2024\/09\/3605.png","width":3840,"height":5760},{"@type":"BreadcrumbList","@id":"https:\/\/demo.phpjabbers.com\/service-templates\/beauty-salon\/produkt\/structure-repair-shampoo\/#breadcrumb","itemListElement":[{"@type":"ListItem","position":1,"name":"Hjem","item":"https:\/\/demo.phpjabbers.com\/service-templates\/beauty-salon\/"},{"@type":"ListItem","position":2,"name":"Shop","item":"https:\/\/demo.phpjabbers.com\/service-templates\/beauty-salon\/shop\/"},{"@type":"ListItem","position":3,"name":"Structure Repair Shampoo"}]},{"@type":"WebSite","@id":"https:\/\/demo.phpjabbers.com\/service-templates\/beauty-salon\/#website","url":"https:\/\/demo.phpjabbers.com\/service-templates\/beauty-salon\/","name":"Bliss Beauty","description":"","publisher":{"@id":"https:\/\/demo.phpjabbers.com\/service-templates\/beauty-salon\/#organization"},"potentialAction":[{"@type":"SearchAction","target":{"@type":"EntryPoint","urlTemplate":"https:\/\/demo.phpjabbers.com\/service-templates\/beauty-salon\/?s={search_term_string}"},"query-input":{"@type":"PropertyValueSpecification","valueRequired":true,"valueName":"search_term_string"}}],"inLanguage":"en-US"},{"@type":"Organization","@id":"https:\/\/demo.phpjabbers.com\/service-templates\/beauty-salon\/#organization","name":"Bliss Beauty","url":"https:\/\/demo.phpjabbers.com\/service-templates\/beauty-salon\/","logo":{"@type":"ImageObject","inLanguage":"en-US","@id":"https:\/\/demo.phpjabbers.com\/service-templates\/beauty-salon\/#\/schema\/logo\/image\/","url":"https:\/\/demo.phpjabbers.com\/service-templates\/beauty-salon\/wp-content\/uploads\/2024\/06\/bliss-logo.png","contentUrl":"https:\/\/demo.phpjabbers.com\/service-templates\/beauty-salon\/wp-content\/uploads\/2024\/06\/bliss-logo.png","width":788,"height":291,"caption":"Bliss Beauty"},"image":{"@id":"https:\/\/demo.phpjabbers.com\/service-templates\/beauty-salon\/#\/schema\/logo\/image\/"}}]}},"_links":{"self":[{"href":"https:\/\/demo.phpjabbers.com\/service-templates\/beauty-salon\/wp-json\/wp\/v2\/product\/11485","targetHints":{"allow":["GET"]}}],"collection":[{"href":"https:\/\/demo.phpjabbers.com\/service-templates\/beauty-salon\/wp-json\/wp\/v2\/product"}],"about":[{"href":"https:\/\/demo.phpjabbers.com\/service-templates\/beauty-salon\/wp-json\/wp\/v2\/types\/product"}],"version-history":[{"count":4,"href":"https:\/\/demo.phpjabbers.com\/service-templates\/beauty-salon\/wp-json\/wp\/v2\/product\/11485\/revisions"}],"predecessor-version":[{"id":12236,"href":"https:\/\/demo.phpjabbers.com\/service-templates\/beauty-salon\/wp-json\/wp\/v2\/product\/11485\/revisions\/12236"}],"wp:featuredmedia":[{"embeddable":true,"href":"https:\/\/demo.phpjabbers.com\/service-templates\/beauty-salon\/wp-json\/wp\/v2\/media\/12147"}],"wp:attachment":[{"href":"https:\/\/demo.phpjabbers.com\/service-templates\/beauty-salon\/wp-json\/wp\/v2\/media?parent=11485"}],"wp:term":[{"taxonomy":"product_brand","embeddable":true,"href":"https:\/\/demo.phpjabbers.com\/service-templates\/beauty-salon\/wp-json\/wp\/v2\/product_brand?post=11485"},{"taxonomy":"product_cat","embeddable":true,"href":"https:\/\/demo.phpjabbers.com\/service-templates\/beauty-salon\/wp-json\/wp\/v2\/product_cat?post=11485"},{"taxonomy":"product_tag","embeddable":true,"href":"https:\/\/demo.phpjabbers.com\/service-templates\/beauty-salon\/wp-json\/wp\/v2\/product_tag?post=11485"}],"curies":[{"name":"wp","href":"https:\/\/api.w.org\/{rel}","templated":true}]}}